{"id":18167,"date":"2023-05-13T05:45:51","date_gmt":"2023-05-13T02:45:51","guid":{"rendered":"https:\/\/medangelclinic.com\/?page_id=18167"},"modified":"2024-07-11T11:36:08","modified_gmt":"2024-07-11T08:36:08","slug":"dr-cihan-cevik","status":"publish","type":"page","link":"https:\/\/drcihancevik.com\/en\/dr-cihan-cevik\/","title":{"rendered":"Dr. Cihan \u00c7evik"},"content":{"rendered":"<div data-elementor-type=\"wp-page\" data-elementor-id=\"18167\" class=\"elementor elementor-18167\">\n\t\t\t\t\t\t<div class=\"elementor-section elementor-top-section elementor-element elementor-element-30f4826f elementor-section-full_width elementor-section-stretched elementor-section-height-default elementor-section-height-default\" data-id=\"30f4826f\" data-element_type=\"section\" data-settings=\"{&quot;stretch_section&quot;:&quot;section-stretched&quot;}\">\n\t\t\t\t\t\t<div class=\"elementor-container elementor-column-gap-default\">\n\t\t\t\t\t<div class=\"elementor-column elementor-col-100 elementor-top-column elementor-element elementor-element-277fd8cb\" data-id=\"277fd8cb\" data-element_type=\"column\">\n\t\t\t<div class=\"elementor-widget-wrap elementor-element-populated\">\n\t\t\t\t\t\t<div class=\"elementor-section elementor-inner-section elementor-element elementor-element-435d9444 elementor-section-boxed elementor-section-height-default elementor-section-height-default\" data-id=\"435d9444\" data-element_type=\"section\">\n\t\t\t\t\t\t<div class=\"elementor-container elementor-column-gap-default\">\n\t\t\t\t\t<div class=\"elementor-column elementor-col-33 elementor-inner-column elementor-element elementor-element-626eb3c8\" data-id=\"626eb3c8\" data-element_type=\"column\">\n\t\t\t<div class=\"elementor-widget-wrap elementor-element-populated\">\n\t\t\t\t\t\t<div class=\"elementor-element elementor-element-2adfef97 elementor-widget elementor-widget-image\" data-id=\"2adfef97\" data-element_type=\"widget\" data-widget_type=\"image.default\">\n\t\t\t\t<div class=\"elementor-widget-container\">\n\t\t\t\t\t\t\t\t\t\t\t\t\t\t\t<img fetchpriority=\"high\" decoding=\"async\" width=\"567\" height=\"761\" src=\"https:\/\/drcihancevik.com\/wp-content\/uploads\/2023\/11\/dr-cihan-cevik-hakkinda.png\" class=\"attachment-full size-full wp-image-18463\" alt=\"\" srcset=\"https:\/\/drcihancevik.com\/wp-content\/uploads\/2023\/11\/dr-cihan-cevik-hakkinda.png 567w, https:\/\/drcihancevik.com\/wp-content\/uploads\/2023\/11\/dr-cihan-cevik-hakkinda-224x300.png 224w, https:\/\/drcihancevik.com\/wp-content\/uploads\/2023\/11\/dr-cihan-cevik-hakkinda-9x12.png 9w\" sizes=\"(max-width: 567px) 100vw, 567px\" \/>\t\t\t\t\t\t\t\t\t\t\t\t\t\t\t<\/div>\n\t\t\t\t<\/div>\n\t\t\t\t\t<\/div>\n\t\t<\/div>\n\t\t\t\t<div class=\"elementor-column elementor-col-66 elementor-inner-column elementor-element elementor-element-6b3847bc\" data-id=\"6b3847bc\" data-element_type=\"column\">\n\t\t\t<div class=\"elementor-widget-wrap elementor-element-populated\">\n\t\t\t\t\t\t<div class=\"elementor-element elementor-element-38c00c1b elementor-widget elementor-widget-text-editor\" data-id=\"38c00c1b\" data-element_type=\"widget\" data-widget_type=\"text-editor.default\">\n\t\t\t\t<div class=\"elementor-widget-container\">\n\t\t\t\t\t\t\t\t\t<p>Born in 1977 in the G\u00fcm\u00fc\u015fhac\u0131k\u00f6y district of Amasya, Dr. Cihan \u00c7evik; After completing his primary, secondary and high school education there, he graduated from 19 May\u0131s University Faculty of Medicine in 2002 and started working at the Mu\u015f State Hospital Emergency Service. He later worked as an emergency physician and chief physician at the Mu\u015f \u015eifa Medical Center and then at \u015eifa Hospital. After working at the Olimpos Hospital Emergency Service in Antalya, he started working at his own clinic in 2022. By combining his training in traditional and complementary medicine with his training in classical Western medicine, he began to approach the treatment of chronic diseases with a holistic perspective and thus experienced much more successful results. He focused his training on Clinical Ozone Therapy and received training from leading names in this field and continues to receive training.<\/p>\t\t\t\t\t\t\t\t<\/div>\n\t\t\t\t<\/div>\n\t\t\t\t<div class=\"elementor-element elementor-element-2d7cb147 elementor-position-left elementor-vertical-align-middle elementor-mobile-position-left elementor-view-default elementor-widget elementor-widget-icon-box\" data-id=\"2d7cb147\" data-element_type=\"widget\" data-widget_type=\"icon-box.default\">\n\t\t\t\t<div class=\"elementor-widget-container\">\n\t\t\t\t\t\t\t<div class=\"elementor-icon-box-wrapper\">\n\n\t\t\t\t\t\t<div class=\"elementor-icon-box-icon\">\n\t\t\t\t<span  class=\"elementor-icon\">\n\t\t\t\t<i aria-hidden=\"true\" class=\"ion ion-ios-telephone\"><\/i>\t\t\t\t<\/span>\n\t\t\t<\/div>\n\t\t\t\n\t\t\t\t\t\t<div class=\"elementor-icon-box-content\">\n\n\t\t\t\t\t\t\t\t\t<h3 class=\"elementor-icon-box-title\">\n\t\t\t\t\t\t<span  >\n\t\t\t\t\t\t\t+90 530 088 0 724\t\t\t\t\t\t<\/span>\n\t\t\t\t\t<\/h3>\n\t\t\t\t\n\t\t\t\t\n\t\t\t<\/div>\n\t\t\t\n\t\t<\/div>\n\t\t\t\t\t\t<\/div>\n\t\t\t\t<\/div>\n\t\t\t\t<div class=\"elementor-element elementor-element-e53edcb elementor-position-left elementor-vertical-align-middle elementor-mobile-position-left elementor-view-default elementor-widget elementor-widget-icon-box\" data-id=\"e53edcb\" data-element_type=\"widget\" data-widget_type=\"icon-box.default\">\n\t\t\t\t<div class=\"elementor-widget-container\">\n\t\t\t\t\t\t\t<div class=\"elementor-icon-box-wrapper\">\n\n\t\t\t\t\t\t<div class=\"elementor-icon-box-icon\">\n\t\t\t\t<span  class=\"elementor-icon\">\n\t\t\t\t<i aria-hidden=\"true\" class=\"ion ion-ios-email\"><\/i>\t\t\t\t<\/span>\n\t\t\t<\/div>\n\t\t\t\n\t\t\t\t\t\t<div class=\"elementor-icon-box-content\">\n\n\t\t\t\t\t\t\t\t\t<h3 class=\"elementor-icon-box-title\">\n\t\t\t\t\t\t<span  >\n\t\t\t\t\t\t\tcihan@drcihancevik.com\t\t\t\t\t\t<\/span>\n\t\t\t\t\t<\/h3>\n\t\t\t\t\n\t\t\t\t\n\t\t\t<\/div>\n\t\t\t\n\t\t<\/div>\n\t\t\t\t\t\t<\/div>\n\t\t\t\t<\/div>\n\t\t\t\t<div class=\"elementor-element elementor-element-6d301949 elementor-widget elementor-widget-heading\" data-id=\"6d301949\" data-element_type=\"widget\" data-widget_type=\"heading.default\">\n\t\t\t\t<div class=\"elementor-widget-container\">\n\t\t\t\t\t<h5 class=\"elementor-heading-title elementor-size-default\">Social Media:<\/h5>\t\t\t\t<\/div>\n\t\t\t\t<\/div>\n\t\t\t\t<div class=\"elementor-element elementor-element-625ef1bf elementor-shape-circle e-grid-align-left elementor-grid-0 elementor-widget elementor-widget-social-icons\" data-id=\"625ef1bf\" data-element_type=\"widget\" data-widget_type=\"social-icons.default\">\n\t\t\t\t<div class=\"elementor-widget-container\">\n\t\t\t\t\t\t\t<div class=\"elementor-social-icons-wrapper elementor-grid\">\n\t\t\t\t\t\t\t<span class=\"elementor-grid-item\">\n\t\t\t\t\t<a class=\"elementor-icon elementor-social-icon elementor-social-icon-instagram elementor-repeater-item-821cc72\" href=\"https:\/\/www.instagram.com\/dr.cihancevik\/\" target=\"_blank\">\n\t\t\t\t\t\t<span class=\"elementor-screen-only\">Instagram<\/span>\n\t\t\t\t\t\t<i class=\"fab fa-instagram\"><\/i>\t\t\t\t\t<\/a>\n\t\t\t\t<\/span>\n\t\t\t\t\t<\/div>\n\t\t\t\t\t\t<\/div>\n\t\t\t\t<\/div>\n\t\t\t\t\t<\/div>\n\t\t<\/div>\n\t\t\t\t\t<\/div>\n\t\t<\/div>\n\t\t\t\t\t<\/div>\n\t\t<\/div>\n\t\t\t\t\t<\/div>\n\t\t<\/div>\n\t\t\t\t<\/div>","protected":false},"excerpt":{"rendered":"<p>1977 y\u0131l\u0131nda Amasya\u2019n\u0131n G\u00fcm\u00fc\u015fhac\u0131k\u00f6y il\u00e7esinde do\u011fan Dr. Cihan \u00c7evik; ilk orta ve lise e\u011fitimini burada tamamlad\u0131ktan sonra 2002 y\u0131l\u0131nda 19 May\u0131s \u00dcniversitesi T\u0131p Fak\u00fcltesini bitirerek Mu\u015f Devlet Hastanesi Acil Servisinde g\u00f6reve ba\u015flam\u0131\u015ft\u0131r. Daha sonra \u00d6zel Mu\u015f \u015eifa T\u0131p Merkezi ve sonra \u015eifa Hastanesinde acil servis hekimli\u011fi ve ba\u015fhekimlik yapm\u0131\u015ft\u0131r. Antalya da Olimpos Hastanesi Acil servisinde [&hellip;]<\/p>","protected":false},"author":6,"featured_media":0,"parent":0,"menu_order":0,"comment_status":"closed","ping_status":"closed","template":"","meta":{"_acf_changed":false,"footnotes":""},"class_list":["post-18167","page","type-page","status-publish","hentry"],"acf":[],"_links":{"self":[{"href":"https:\/\/drcihancevik.com\/en\/wp-json\/wp\/v2\/pages\/18167","targetHints":{"allow":["GET"]}}],"collection":[{"href":"https:\/\/drcihancevik.com\/en\/wp-json\/wp\/v2\/pages"}],"about":[{"href":"https:\/\/drcihancevik.com\/en\/wp-json\/wp\/v2\/types\/page"}],"author":[{"embeddable":true,"href":"https:\/\/drcihancevik.com\/en\/wp-json\/wp\/v2\/users\/6"}],"replies":[{"embeddable":true,"href":"https:\/\/drcihancevik.com\/en\/wp-json\/wp\/v2\/comments?post=18167"}],"version-history":[{"count":0,"href":"https:\/\/drcihancevik.com\/en\/wp-json\/wp\/v2\/pages\/18167\/revisions"}],"wp:attachment":[{"href":"https:\/\/drcihancevik.com\/en\/wp-json\/wp\/v2\/media?parent=18167"}],"curies":[{"name":"wp","href":"https:\/\/api.w.org\/{rel}","templated":true}]}}