{"id":17702,"date":"2023-05-01T21:12:30","date_gmt":"2023-05-01T21:12:30","guid":{"rendered":"https:\/\/medangelclinic.com\/?page_id=17702"},"modified":"2024-08-16T02:45:34","modified_gmt":"2024-08-15T23:45:34","slug":"tedaviler","status":"publish","type":"page","link":"https:\/\/drcihancevik.com\/de\/tedaviler\/","title":{"rendered":"Behandlungen"},"content":{"rendered":"<div data-elementor-type=\"wp-page\" data-elementor-id=\"17702\" class=\"elementor elementor-17702\">\n\t\t\t\t\t\t<section class=\"elementor-section elementor-top-section elementor-element elementor-element-6435779 elementor-section-boxed elementor-section-height-default elementor-section-height-default\" data-id=\"6435779\" data-element_type=\"section\">\n\t\t\t\t\t\t<div class=\"elementor-container elementor-column-gap-default\">\n\t\t\t\t\t<div class=\"elementor-column elementor-col-100 elementor-top-column elementor-element elementor-element-63f7894\" data-id=\"63f7894\" data-element_type=\"column\">\n\t\t\t<div class=\"elementor-widget-wrap elementor-element-populated\">\n\t\t\t\t\t\t<div class=\"elementor-element elementor-element-01fbefb elementor-posts--align-center elementor-grid-3 elementor-grid-tablet-2 elementor-grid-mobile-1 elementor-posts--thumbnail-top elementor-card-shadow-yes elementor-posts__hover-gradient elementor-widget elementor-widget-posts\" data-id=\"01fbefb\" data-element_type=\"widget\" data-settings=\"{&quot;cards_row_gap&quot;:{&quot;unit&quot;:&quot;px&quot;,&quot;size&quot;:30,&quot;sizes&quot;:[]},&quot;cards_columns&quot;:&quot;3&quot;,&quot;cards_columns_tablet&quot;:&quot;2&quot;,&quot;cards_columns_mobile&quot;:&quot;1&quot;,&quot;cards_row_gap_tablet&quot;:{&quot;unit&quot;:&quot;px&quot;,&quot;size&quot;:&quot;&quot;,&quot;sizes&quot;:[]},&quot;cards_row_gap_mobile&quot;:{&quot;unit&quot;:&quot;px&quot;,&quot;size&quot;:&quot;&quot;,&quot;sizes&quot;:[]}}\" data-widget_type=\"posts.cards\">\n\t\t\t\t<div class=\"elementor-widget-container\">\n\t\t\t\t\t\t\t<div class=\"elementor-posts-container elementor-posts elementor-posts--skin-cards elementor-grid\">\n\t\t\t\t<article class=\"elementor-post elementor-grid-item post-17869 portfolio type-portfolio status-publish has-post-thumbnail hentry portfolio-categories-tedaviler\">\n\t\t\t<div class=\"elementor-post__card\">\n\t\t\t\t<a class=\"elementor-post__thumbnail__link\" href=\"https:\/\/drcihancevik.com\/de\/hizmetlerimiz\/ozon-terapisi\/\" ><div class=\"elementor-post__thumbnail\"><img fetchpriority=\"high\" decoding=\"async\" width=\"1252\" height=\"1252\" src=\"https:\/\/drcihancevik.com\/wp-content\/uploads\/2023\/05\/med-angel-clinic-ozonterapi.jpg\" class=\"attachment-full size-full wp-image-17870\" alt=\"\" srcset=\"https:\/\/drcihancevik.com\/wp-content\/uploads\/2023\/05\/med-angel-clinic-ozonterapi.jpg 1252w, https:\/\/drcihancevik.com\/wp-content\/uploads\/2023\/05\/med-angel-clinic-ozonterapi-300x300.jpg 300w, https:\/\/drcihancevik.com\/wp-content\/uploads\/2023\/05\/med-angel-clinic-ozonterapi-1024x1024.jpg 1024w, https:\/\/drcihancevik.com\/wp-content\/uploads\/2023\/05\/med-angel-clinic-ozonterapi-150x150.jpg 150w, https:\/\/drcihancevik.com\/wp-content\/uploads\/2023\/05\/med-angel-clinic-ozonterapi-768x768.jpg 768w\" sizes=\"(max-width: 1252px) 100vw, 1252px\" \/><\/div><\/a>\n\t\t\t\t<div class=\"elementor-post__text\">\n\t\t\t\t<h3 class=\"elementor-post__title\">\n\t\t\t<a href=\"https:\/\/drcihancevik.com\/de\/hizmetlerimiz\/ozon-terapisi\/\" >\n\t\t\t\tOzon-Therapie\t\t\t<\/a>\n\t\t<\/h3>\n\t\t\t\t<div class=\"elementor-post__excerpt\">\n\t\t\t<p>Was Ist Ozontherapie? Ozon Therapie, medizinische Ozon-gas in den K\u00f6rper, die durchgef\u00fchrt werden, durch die Platzierung von einer alternativen Behandlung. Ozon, eine form der Sauerstoff-Molek\u00fcl ist ein triple-Sauerstoff, und<\/p>\n\t\t<\/div>\n\t\t\t\t<\/div>\n\t\t\t\t\t<\/div>\n\t\t<\/article>\n\t\t\t\t<article class=\"elementor-post elementor-grid-item post-17858 portfolio type-portfolio status-publish has-post-thumbnail hentry portfolio-categories-tedaviler\">\n\t\t\t<div class=\"elementor-post__card\">\n\t\t\t\t<a class=\"elementor-post__thumbnail__link\" href=\"https:\/\/drcihancevik.com\/de\/hizmetlerimiz\/yetiskin-ve-cocuk-muayenesi\/\" ><div class=\"elementor-post__thumbnail\"><img decoding=\"async\" width=\"1252\" height=\"1252\" src=\"https:\/\/drcihancevik.com\/wp-content\/uploads\/2023\/05\/med-angel-clinic-yetiskin-ve-cocuk-muayenesi.jpg\" class=\"attachment-full size-full wp-image-17859\" alt=\"\" srcset=\"https:\/\/drcihancevik.com\/wp-content\/uploads\/2023\/05\/med-angel-clinic-yetiskin-ve-cocuk-muayenesi.jpg 1252w, https:\/\/drcihancevik.com\/wp-content\/uploads\/2023\/05\/med-angel-clinic-yetiskin-ve-cocuk-muayenesi-300x300.jpg 300w, https:\/\/drcihancevik.com\/wp-content\/uploads\/2023\/05\/med-angel-clinic-yetiskin-ve-cocuk-muayenesi-1024x1024.jpg 1024w, https:\/\/drcihancevik.com\/wp-content\/uploads\/2023\/05\/med-angel-clinic-yetiskin-ve-cocuk-muayenesi-150x150.jpg 150w, https:\/\/drcihancevik.com\/wp-content\/uploads\/2023\/05\/med-angel-clinic-yetiskin-ve-cocuk-muayenesi-768x768.jpg 768w\" sizes=\"(max-width: 1252px) 100vw, 1252px\" \/><\/div><\/a>\n\t\t\t\t<div class=\"elementor-post__text\">\n\t\t\t\t<h3 class=\"elementor-post__title\">\n\t\t\t<a href=\"https:\/\/drcihancevik.com\/de\/hizmetlerimiz\/yetiskin-ve-cocuk-muayenesi\/\" >\n\t\t\t\tErwachsener Und Kind Pr\u00fcfung\t\t\t<\/a>\n\t\t<\/h3>\n\t\t\t\t<div class=\"elementor-post__excerpt\">\n\t\t\t<p>Erwachsenen-und Kindes-Pr\u00fcfung ist eine gro\u00dfe Gesundheits-Anwendung f\u00fcr jede Altersgruppe. Diese Untersuchungen, um einen gesunden lebensstil anzunehmen, und Schutz gegen bestimmte Probleme mit der Gesundheit<\/p>\n\t\t<\/div>\n\t\t\t\t<\/div>\n\t\t\t\t\t<\/div>\n\t\t<\/article>\n\t\t\t\t<article class=\"elementor-post elementor-grid-item post-17881 portfolio type-portfolio status-publish has-post-thumbnail hentry portfolio-categories-tedaviler\">\n\t\t\t<div class=\"elementor-post__card\">\n\t\t\t\t<a class=\"elementor-post__thumbnail__link\" href=\"https:\/\/drcihancevik.com\/de\/hizmetlerimiz\/beslenme-danismanligi\/\" ><div class=\"elementor-post__thumbnail\"><img decoding=\"async\" width=\"1252\" height=\"1252\" src=\"https:\/\/drcihancevik.com\/wp-content\/uploads\/2023\/05\/med-angel-clinic-beslenme-danismanligi.jpg\" class=\"attachment-full size-full wp-image-17882\" alt=\"\" srcset=\"https:\/\/drcihancevik.com\/wp-content\/uploads\/2023\/05\/med-angel-clinic-beslenme-danismanligi.jpg 1252w, https:\/\/drcihancevik.com\/wp-content\/uploads\/2023\/05\/med-angel-clinic-beslenme-danismanligi-300x300.jpg 300w, https:\/\/drcihancevik.com\/wp-content\/uploads\/2023\/05\/med-angel-clinic-beslenme-danismanligi-1024x1024.jpg 1024w, https:\/\/drcihancevik.com\/wp-content\/uploads\/2023\/05\/med-angel-clinic-beslenme-danismanligi-150x150.jpg 150w, https:\/\/drcihancevik.com\/wp-content\/uploads\/2023\/05\/med-angel-clinic-beslenme-danismanligi-768x768.jpg 768w\" sizes=\"(max-width: 1252px) 100vw, 1252px\" \/><\/div><\/a>\n\t\t\t\t<div class=\"elementor-post__text\">\n\t\t\t\t<h3 class=\"elementor-post__title\">\n\t\t\t<a href=\"https:\/\/drcihancevik.com\/de\/hizmetlerimiz\/beslenme-danismanligi\/\" >\n\t\t\t\tErn\u00e4hrungsberatung\t\t\t<\/a>\n\t\t<\/h3>\n\t\t\t\t<div class=\"elementor-post__excerpt\">\n\t\t\t<p>Wir sind Ern\u00e4hrungsberatung f\u00fcr einen gesunden lebensstil.ein ist ein wichtiger Faktor. Ern\u00e4hrung Berater hilft dem einzelnen, erstellen Sie eine gesunde Di\u00e4t-plan und gesunde Essgewohnheiten<\/p>\n\t\t<\/div>\n\t\t\t\t<\/div>\n\t\t\t\t\t<\/div>\n\t\t<\/article>\n\t\t\t\t<article class=\"elementor-post elementor-grid-item post-17879 portfolio type-portfolio status-publish has-post-thumbnail hentry portfolio-categories-tedaviler\">\n\t\t\t<div class=\"elementor-post__card\">\n\t\t\t\t<a class=\"elementor-post__thumbnail__link\" href=\"https:\/\/drcihancevik.com\/de\/hizmetlerimiz\/yara-bakimi-tedavileri\/\" ><div class=\"elementor-post__thumbnail\"><img loading=\"lazy\" decoding=\"async\" width=\"1252\" height=\"1252\" src=\"https:\/\/drcihancevik.com\/wp-content\/uploads\/2023\/05\/med-angel-clinic-yara-bakimi-tedavileri.jpg\" class=\"attachment-full size-full wp-image-17880\" alt=\"\" srcset=\"https:\/\/drcihancevik.com\/wp-content\/uploads\/2023\/05\/med-angel-clinic-yara-bakimi-tedavileri.jpg 1252w, https:\/\/drcihancevik.com\/wp-content\/uploads\/2023\/05\/med-angel-clinic-yara-bakimi-tedavileri-300x300.jpg 300w, https:\/\/drcihancevik.com\/wp-content\/uploads\/2023\/05\/med-angel-clinic-yara-bakimi-tedavileri-1024x1024.jpg 1024w, https:\/\/drcihancevik.com\/wp-content\/uploads\/2023\/05\/med-angel-clinic-yara-bakimi-tedavileri-150x150.jpg 150w, https:\/\/drcihancevik.com\/wp-content\/uploads\/2023\/05\/med-angel-clinic-yara-bakimi-tedavileri-768x768.jpg 768w\" sizes=\"(max-width: 1252px) 100vw, 1252px\" \/><\/div><\/a>\n\t\t\t\t<div class=\"elementor-post__text\">\n\t\t\t\t<h3 class=\"elementor-post__title\">\n\t\t\t<a href=\"https:\/\/drcihancevik.com\/de\/hizmetlerimiz\/yara-bakimi-tedavileri\/\" >\n\t\t\t\tWunde-Pflege-Behandlungen\t\t\t<\/a>\n\t\t<\/h3>\n\t\t\t\t<div class=\"elementor-post__excerpt\">\n\t\t\t<p>Wunde-Pflege-Behandlung der Wundversorgung und-Behandlungen, und beschleunigen die Heilung der Wunde sind unterschiedliche Methoden, die sind verwendet zu reduzieren das Risiko von Infektion. Wunde-care-Behandlungen, Verletzungen von der schwere der Wunde<\/p>\n\t\t<\/div>\n\t\t\t\t<\/div>\n\t\t\t\t\t<\/div>\n\t\t<\/article>\n\t\t\t\t<article class=\"elementor-post elementor-grid-item post-17877 portfolio type-portfolio status-publish has-post-thumbnail hentry portfolio-categories-tedaviler\">\n\t\t\t<div class=\"elementor-post__card\">\n\t\t\t\t<a class=\"elementor-post__thumbnail__link\" href=\"https:\/\/drcihancevik.com\/de\/hizmetlerimiz\/multi-vitamin-mineral-kompleks-uygulamalari\/\" ><div class=\"elementor-post__thumbnail\"><img loading=\"lazy\" decoding=\"async\" width=\"1252\" height=\"1252\" src=\"https:\/\/drcihancevik.com\/wp-content\/uploads\/2023\/05\/med-angel-clinic-multi-vitamin-mineral-kompleks-uygulamalari.jpg\" class=\"attachment-full size-full wp-image-17878\" alt=\"\" srcset=\"https:\/\/drcihancevik.com\/wp-content\/uploads\/2023\/05\/med-angel-clinic-multi-vitamin-mineral-kompleks-uygulamalari.jpg 1252w, https:\/\/drcihancevik.com\/wp-content\/uploads\/2023\/05\/med-angel-clinic-multi-vitamin-mineral-kompleks-uygulamalari-300x300.jpg 300w, https:\/\/drcihancevik.com\/wp-content\/uploads\/2023\/05\/med-angel-clinic-multi-vitamin-mineral-kompleks-uygulamalari-1024x1024.jpg 1024w, https:\/\/drcihancevik.com\/wp-content\/uploads\/2023\/05\/med-angel-clinic-multi-vitamin-mineral-kompleks-uygulamalari-150x150.jpg 150w, https:\/\/drcihancevik.com\/wp-content\/uploads\/2023\/05\/med-angel-clinic-multi-vitamin-mineral-kompleks-uygulamalari-768x768.jpg 768w\" sizes=\"(max-width: 1252px) 100vw, 1252px\" \/><\/div><\/a>\n\t\t\t\t<div class=\"elementor-post__text\">\n\t\t\t\t<h3 class=\"elementor-post__title\">\n\t\t\t<a href=\"https:\/\/drcihancevik.com\/de\/hizmetlerimiz\/multi-vitamin-mineral-kompleks-uygulamalari\/\" >\n\t\t\t\tMulti-Vitamin-Mineral-Komplexe Anwendungen\t\t\t<\/a>\n\t\t<\/h3>\n\t\t\t\t<div class=\"elementor-post__excerpt\">\n\t\t\t<p>Heute, Menschen k\u00fcmmern sich mehr nat\u00fcrlich zeigen, und dies spiegelt sich auch in Ihren Ern\u00e4hrungsgewohnheiten, um Ihre Gesundheit, aber um gen\u00fcgend Vitamine und Mineralstoffe \u00fcber die Nahrung<\/p>\n\t\t<\/div>\n\t\t\t\t<\/div>\n\t\t\t\t\t<\/div>\n\t\t<\/article>\n\t\t\t\t<\/div>\n\t\t\n\t\t\t\t\t\t<\/div>\n\t\t\t\t<\/div>\n\t\t\t\t\t<\/div>\n\t\t<\/div>\n\t\t\t\t\t<\/div>\n\t\t<\/section>\n\t\t\t\t<\/div>","protected":false},"excerpt":{"rendered":"","protected":false},"author":2,"featured_media":0,"parent":0,"menu_order":0,"comment_status":"closed","ping_status":"closed","template":"","meta":{"_acf_changed":false,"footnotes":""},"class_list":["post-17702","page","type-page","status-publish","hentry"],"acf":[],"_links":{"self":[{"href":"https:\/\/drcihancevik.com\/de\/wp-json\/wp\/v2\/pages\/17702","targetHints":{"allow":["GET"]}}],"collection":[{"href":"https:\/\/drcihancevik.com\/de\/wp-json\/wp\/v2\/pages"}],"about":[{"href":"https:\/\/drcihancevik.com\/de\/wp-json\/wp\/v2\/types\/page"}],"author":[{"embeddable":true,"href":"https:\/\/drcihancevik.com\/de\/wp-json\/wp\/v2\/users\/2"}],"replies":[{"embeddable":true,"href":"https:\/\/drcihancevik.com\/de\/wp-json\/wp\/v2\/comments?post=17702"}],"version-history":[{"count":21,"href":"https:\/\/drcihancevik.com\/de\/wp-json\/wp\/v2\/pages\/17702\/revisions"}],"predecessor-version":[{"id":18569,"href":"https:\/\/drcihancevik.com\/de\/wp-json\/wp\/v2\/pages\/17702\/revisions\/18569"}],"wp:attachment":[{"href":"https:\/\/drcihancevik.com\/de\/wp-json\/wp\/v2\/media?parent=17702"}],"curies":[{"name":"wp","href":"https:\/\/api.w.org\/{rel}","templated":true}]}}